{"id":3596,"date":"2013-12-10T15:40:40","date_gmt":"2013-12-10T14:40:40","guid":{"rendered":"http:\/\/www.aetpr-psychotherapie.org\/publication\/?page_id=33"},"modified":"2026-04-14T17:30:25","modified_gmt":"2026-04-14T17:30:25","slug":"accueil","status":"publish","type":"page","link":"https:\/\/cyberalsace.com\/","title":{"rendered":"Association Europ\u00e9enne de Th\u00e9rapie Psychocorporelle et Relationnelle"},"content":{"rendered":"\n<section class=\"wp-block-greenshift-blocks-row gspb_row gspb_row-id-gsbp-7b9919f\" id=\"gspb_row-id-gsbp-7b9919f\">\n<div class=\"wp-block-greenshift-blocks-row-column gspb_row__col--12 gspb_col-id-gsbp-51d5bea\" id=\"gspb_col-id-gsbp-51d5bea\">\n<div style=\"height:170px\" aria-hidden=\"true\" class=\"wp-block-spacer\"><\/div>\n\n\n\n<h2 class=\"wp-block-heading has-text-align-center\" id=\"association-europeenne-de-therapie-psychocorporelle-et-relationnelle\">Association Europ\u00e9enne de Th\u00e9rapie Psychocorporelle et Relationnelle<\/h2>\n\n\n\n<div class=\"gspb_button_wrapper gspb_button-id-gsbp-fd45122\" id=\"gspb_button-id-gsbp-fd45122\"><a class=\"wp-block-greenshift-blocks-buttonbox gspb-buttonbox wp-element-button\" rel=\"noopener\"><span class=\"gspb-buttonbox-textwrap\"><span class=\"gspb-buttonbox-text\"><span class=\"gspb-buttonbox-title\">Buy This Now!<\/span><\/span><\/span><\/a><\/div>\n\n\n\n<div class=\"wp-block-greenshift-blocks-container gspb_container gspb_container-gsbp-94fa5fc\" id=\"gspb_container-id-gsbp-94fa5fc\">\n<div class=\"wp-block-greenshift-blocks-container gspb_container gspb_container-gsbp-75f5d55\" id=\"gspb_container-id-gsbp-75f5d55\">\n<h3 id=\"gspb_heading-id-gsbp-f85b46f\" class=\"gspb_heading gspb_heading-id-gsbp-f85b46f \">FF2P &#8211; F\u00e9d\u00e9ration Fran\u00e7aise de Psychoth\u00e9rapie et Psychanalyse<\/h3>\n\n\n\n<div class=\"wp-block-greenshift-blocks-image gspb_image gspb_image-id-gsbp-2710b30\" id=\"gspb_image-id-gsbp-2710b30\"><img decoding=\"async\" src=\"https:\/\/cyberalsace.com\/wp-content\/uploads\/2020\/10\/LOGO-FF2P-3.jpg\" data-src=\"\" alt=\"LOGO FF2P\" loading=\"lazy\" width=\"145\" height=\"189\"\/><\/div>\n\n\n\n<div id=\"gspb_text-id-gsbp-06600c7\" class=\"gspb_text gspb_text-id-gsbp-06600c7 \">L&rsquo;AETPR est membre de la\u00a0F\u00e9d\u00e9ration Fran\u00e7aise de Psychoth\u00e9rapie et Psychanalyse\u00a0(FF2P) qui rassemble 60 organismes en France, instituts de formation et soci\u00e9t\u00e9s professionnelles de psychoth\u00e9rapie.<\/div>\n<\/div>\n\n\n\n<div class=\"wp-block-greenshift-blocks-container gspb_container gspb_container-gsbp-6a72853\" id=\"gspb_container-id-gsbp-6a72853\">\n<h2 id=\"gspb_heading-id-gsbp-1c0b6b2\" class=\"gspb_heading gspb_heading-id-gsbp-1c0b6b2 \">EABP<br> European Association for Body Psychotherapy<\/h2>\n\n\n\n<div class=\"wp-block-greenshift-blocks-image gspb_image gspb_image-id-gsbp-5918c38\" id=\"gspb_image-id-gsbp-5918c38\"><img decoding=\"async\" src=\"https:\/\/cyberalsace.com\/wp-content\/uploads\/2020\/10\/logo-wavy.gif\" data-src=\"\" alt=\"logo wavy\" loading=\"lazy\" width=\"121\" height=\"60\"\/><\/div>\n\n\n\n<div id=\"gspb_text-id-gsbp-eef49bd\" class=\"gspb_text gspb_text-id-gsbp-eef49bd \">L&rsquo;AETPR est \u00e9galement membre de l&rsquo;European<br>Association for Body Psychotherapy\u00a0(EABP),<br>qui regroupe les courants de la th\u00e9rapie<br>psychocorporelle en Europe.<\/div>\n<\/div>\n<\/div>\n\n\n\n<h2 id=\"gspb_heading-id-gsbp-e593cea\" class=\"gspb_heading gspb_heading-id-gsbp-e593cea \">L&rsquo;engagement professionnel des membres de l&rsquo;AETPR<\/h2>\n\n\n\n<div class=\"wp-block-greenshift-blocks-image gspb_image gspb_image-id-gsbp-5ac9ee7\" id=\"gspb_image-id-gsbp-5ac9ee7\"><img decoding=\"async\" src=\"https:\/\/cyberalsace.com\/wp-content\/uploads\/2020\/10\/trace-marche-grise.png\" data-src=\"\" alt=\"trace marche grise\" loading=\"lazy\" width=\"400\" height=\"103\"\/><\/div>\n\n\n\n<div id=\"gspb_text-id-gsbp-cd847bb\" class=\"gspb_text gspb_text-id-gsbp-cd847bb \">Les psychopraticiens certifi\u00e9s membres de l&rsquo;association justifient tous :<\/div>\n\n\n\n<div class=\"wp-block-greenshift-blocks-iconlist gspb_iconsList gspb_iconsList-id-gsbp-595b9d4\" id=\"gspb_iconsList-id-gsbp-595b9d4\"><div class=\"gspb_iconsList__item\" data-id=\"0\"><svg class=\"\" style=\"display:inline-block;vertical-align:middle\" width=\"18\" height=\"18\" viewBox=\"0 0 1024 1024\" xmlns=\"http:\/\/www.w3.org\/2000\/svg\"><path style=\"fill:#565D66\" d=\"M871.696 166.932l-526.088 526.088-193.304-193.304c-9.372-9.372-24.568-9.372-33.942 0l-56.568 56.568c-9.372 9.372-9.372 24.568 0 33.942l266.842 266.842c9.372 9.372 24.568 9.372 33.942 0l599.626-599.626c9.372-9.372 9.372-24.568 0-33.942l-56.568-56.568c-9.372-9.372-24.568-9.372-33.94 0z\"><\/path><\/svg><span class=\"gspb_iconsList__item__text\">d&rsquo;une formation sp\u00e9cifique, th\u00e9orique et clinique en th\u00e9rapie psychocorporelle<\/span><\/div><div class=\"gspb_iconsList__item\" data-id=\"1\"><svg class=\"\" style=\"display:inline-block;vertical-align:middle\" width=\"18\" height=\"18\" viewBox=\"0 0 1024 1024\" xmlns=\"http:\/\/www.w3.org\/2000\/svg\"><path style=\"fill:#565D66\" d=\"M928 8.6l-896 516.8c-46 26.6-41.4 94.4 7.6 114.6l280.4 116v204c0 60.4 75.6 86.6 113.4 40.6l121.4-147.6 252.8 104.4c38.2 15.8 81.4-8.4 87.6-49.4l128-834.2c8.2-53.4-49.2-91.8-95.2-65.2zM384 960v-177.6l109 45-109 132.6zM832 898.2l-412.4-170.4 399-471.6c9.6-11.2-5.8-26.4-17-16.8l-510.6 435.2-227-93.6 896-517-128 834.2z\"><\/path><\/svg><span class=\"gspb_iconsList__item__text\">Item text<\/span><\/div><div class=\"gspb_iconsList__item\" data-id=\"2\"><svg class=\"\" style=\"display:inline-block;vertical-align:middle\" width=\"18\" height=\"18\" viewBox=\"0 0 1024 1024\" xmlns=\"http:\/\/www.w3.org\/2000\/svg\"><path style=\"fill:#565D66\" d=\"M928 8.6l-896 516.8c-46 26.6-41.4 94.4 7.6 114.6l280.4 116v204c0 60.4 75.6 86.6 113.4 40.6l121.4-147.6 252.8 104.4c38.2 15.8 81.4-8.4 87.6-49.4l128-834.2c8.2-53.4-49.2-91.8-95.2-65.2zM384 960v-177.6l109 45-109 132.6zM832 898.2l-412.4-170.4 399-471.6c9.6-11.2-5.8-26.4-17-16.8l-510.6 435.2-227-93.6 896-517-128 834.2z\"><\/path><\/svg><span class=\"gspb_iconsList__item__text\">d&rsquo;un exercice professionnel r\u00e9gulier de la psychoth\u00e9rapie<\/span><\/div><div class=\"gspb_iconsList__item\" data-id=\"3\"><svg class=\"\" style=\"display:inline-block;vertical-align:middle\" width=\"18\" height=\"18\" viewBox=\"0 0 1024 1024\" xmlns=\"http:\/\/www.w3.org\/2000\/svg\"><path style=\"fill:#565D66\" d=\"M928 8.6l-896 516.8c-46 26.6-41.4 94.4 7.6 114.6l280.4 116v204c0 60.4 75.6 86.6 113.4 40.6l121.4-147.6 252.8 104.4c38.2 15.8 81.4-8.4 87.6-49.4l128-834.2c8.2-53.4-49.2-91.8-95.2-65.2zM384 960v-177.6l109 45-109 132.6zM832 898.2l-412.4-170.4 399-471.6c9.6-11.2-5.8-26.4-17-16.8l-510.6 435.2-227-93.6 896-517-128 834.2z\"><\/path><\/svg><span class=\"gspb_iconsList__item__text\">d&rsquo;un contr\u00f4le ou d&rsquo;une supervision de leur pratique clinique<\/span><\/div><div class=\"gspb_iconsList__item\" data-id=\"4\"><svg class=\"\" style=\"display:inline-block;vertical-align:middle\" width=\"18\" height=\"18\" viewBox=\"0 0 1024 1024\" xmlns=\"http:\/\/www.w3.org\/2000\/svg\"><path style=\"fill:#565D66\" d=\"M928 8.6l-896 516.8c-46 26.6-41.4 94.4 7.6 114.6l280.4 116v204c0 60.4 75.6 86.6 113.4 40.6l121.4-147.6 252.8 104.4c38.2 15.8 81.4-8.4 87.6-49.4l128-834.2c8.2-53.4-49.2-91.8-95.2-65.2zM384 960v-177.6l109 45-109 132.6zM832 898.2l-412.4-170.4 399-471.6c9.6-11.2-5.8-26.4-17-16.8l-510.6 435.2-227-93.6 896-517-128 834.2z\"><\/path><\/svg><span class=\"gspb_iconsList__item__text\">d&rsquo;un engagement \u00e0 respecter le code de D\u00e9ontologie de l&rsquo;AETPR<\/span><\/div><\/div>\n<\/div>\n<\/section>\n\n\n\n<p><\/p>\n","protected":false},"excerpt":{"rendered":"","protected":false},"author":1,"featured_media":0,"parent":0,"menu_order":0,"comment_status":"closed","ping_status":"closed","template":"page-templates\/full-width.php","meta":{"_gspb_post_css":"#gspb_row-id-gsbp-7b9919f{justify-content:space-between;margin-bottom:0;display:flex;flex-wrap:wrap;margin-top:0;background-image:url(https:\/\/cyberalsace.com\/wp-content\/uploads\/2026\/04\/fond1-1.png)}#gspb_row-id-gsbp-7b9919f>.gspb_row__content{display:flex;justify-content:space-between;margin:0 auto;width:100%;flex-wrap:wrap}.gspb_row{position:relative}div[id^=gspb_col-id]{box-sizing:border-box;position:relative;padding:var(--gs-row-column-padding, 15px min(3vw, 20px))}#gspb_col-id-gsbp-51d5bea.gspb_row__col--12{width:100%}@media (max-width:575.98px){#gspb_col-id-gsbp-51d5bea.gspb_row__col--12{width:100%}}#gspb_button-id-gsbp-fd45122{display:flex;justify-content:center}#gspb_button-id-gsbp-fd45122 .gspb-buttonbox-text{display:flex;flex-direction:column}#gspb_button-id-gsbp-fd45122>.gspb-buttonbox{box-sizing:border-box}.gspb_container-id-gsbp-6a72853,.gspb_container-id-gsbp-75f5d55,.gspb_container-id-gsbp-94fa5fc{flex-direction:column;box-sizing:border-box}#gspb_container-id-gsbp-6a72853.gspb_container>p:last-of-type,#gspb_container-id-gsbp-75f5d55.gspb_container>p:last-of-type,#gspb_container-id-gsbp-94fa5fc.gspb_container>p:last-of-type{margin-bottom:0}#gspb_container-id-gsbp-94fa5fc.gspb_container{position:relative;display:grid;grid-template-columns:repeat(2,minmax(0,1fr));row-gap:20px;column-gap:20px}@media (max-width:575.98px){#gspb_container-id-gsbp-94fa5fc.gspb_container{grid-template-columns:repeat(1,minmax(0,1fr))}}#gspb_container-id-gsbp-94fa5fc.gspb_container{box-sizing:border-box}#gspb_container-id-gsbp-6a72853.gspb_container,#gspb_container-id-gsbp-75f5d55.gspb_container{position:relative;box-sizing:border-box}#gspb_heading-id-gsbp-1c0b6b2,#gspb_heading-id-gsbp-1c0b6b2 .gsap-g-line,.gspb_text-id-gsbp-eef49bd,.gspb_text-id-gsbp-eef49bd .gsap-g-line{text-align:center!important}#gspb_image-id-gsbp-2710b30,#gspb_image-id-gsbp-5918c38,#gspb_image-id-gsbp-5ac9ee7{text-align:center}#gspb_image-id-gsbp-2710b30 img,#gspb_image-id-gsbp-5918c38 img,#gspb_image-id-gsbp-5ac9ee7 img{vertical-align:top;display:inline-block;box-sizing:border-box;max-width:100%;height:auto}#gspb_iconsList-id-gsbp-595b9d4.gspb_iconsList .gspb_iconsList__item__text{margin-left:15px}#gspb_iconsList-id-gsbp-595b9d4.gspb_iconsList .gspb_iconsList__item{display:flex;flex-direction:row;align-items:center;position:relative}#gspb_iconsList-id-gsbp-595b9d4.gspb_iconsList .gspb_iconsList__item svg path{fill:var(--theme-link-initial-color, #2184f9)!important}#gspb_iconsList-id-gsbp-595b9d4.gspb_iconsList [data-id='0'] svg,#gspb_iconsList-id-gsbp-595b9d4.gspb_iconsList [data-id='1'] svg,#gspb_iconsList-id-gsbp-595b9d4.gspb_iconsList [data-id='2'] svg,#gspb_iconsList-id-gsbp-595b9d4.gspb_iconsList [data-id='3'] svg,#gspb_iconsList-id-gsbp-595b9d4.gspb_iconsList [data-id='4'] svg,body #gspb_iconsList-id-gsbp-595b9d4.gspb_iconsList .gspb_iconsList__item img,body #gspb_iconsList-id-gsbp-595b9d4.gspb_iconsList .gspb_iconsList__item svg{margin:0!important}#gspb_heading-id-gsbp-e593cea,#gspb_heading-id-gsbp-e593cea .gsap-g-line{text-align:center!important}","footnotes":""},"class_list":["post-3596","page","type-page","status-publish","hentry"],"blocksy_meta":{"has_hero_section":"disabled","styles_descriptor":{"styles":{"desktop":"","tablet":"","mobile":""},"google_fonts":[],"version":6}},"_links":{"self":[{"href":"https:\/\/cyberalsace.com\/index.php\/wp-json\/wp\/v2\/pages\/3596","targetHints":{"allow":["GET"]}}],"collection":[{"href":"https:\/\/cyberalsace.com\/index.php\/wp-json\/wp\/v2\/pages"}],"about":[{"href":"https:\/\/cyberalsace.com\/index.php\/wp-json\/wp\/v2\/types\/page"}],"author":[{"embeddable":true,"href":"https:\/\/cyberalsace.com\/index.php\/wp-json\/wp\/v2\/users\/1"}],"replies":[{"embeddable":true,"href":"https:\/\/cyberalsace.com\/index.php\/wp-json\/wp\/v2\/comments?post=3596"}],"version-history":[{"count":16,"href":"https:\/\/cyberalsace.com\/index.php\/wp-json\/wp\/v2\/pages\/3596\/revisions"}],"predecessor-version":[{"id":3641,"href":"https:\/\/cyberalsace.com\/index.php\/wp-json\/wp\/v2\/pages\/3596\/revisions\/3641"}],"wp:attachment":[{"href":"https:\/\/cyberalsace.com\/index.php\/wp-json\/wp\/v2\/media?parent=3596"}],"curies":[{"name":"wp","href":"https:\/\/api.w.org\/{rel}","templated":true}]}}